{"id":5938,"date":"2025-09-03T15:30:03","date_gmt":"2025-09-03T13:30:03","guid":{"rendered":"https:\/\/sparkz.com.pl\/?page_id=5938"},"modified":"2025-09-03T15:34:30","modified_gmt":"2025-09-03T13:34:30","slug":"privacy-policy","status":"publish","type":"page","link":"https:\/\/sparkz.com.pl\/en\/privacy-policy\/","title":{"rendered":"Privacy policy"},"content":{"rendered":"<div data-elementor-type=\"wp-page\" data-elementor-id=\"5938\" class=\"elementor elementor-5938\" data-elementor-post-type=\"page\">\n\t\t\t\t<div class=\"elementor-element elementor-element-51c5e39 e-con-full polityka-prywatnosci-cont e-flex e-con e-parent\" data-id=\"51c5e39\" data-element_type=\"container\">\n\t\t\t\t<div class=\"elementor-element elementor-element-ffb0576 elementor-widget elementor-widget-text-editor\" data-id=\"ffb0576\" data-element_type=\"widget\" data-widget_type=\"text-editor.default\">\n\t\t\t\t<div class=\"elementor-widget-container\">\n\t\t\t\t\t\t\t\t\t<p>Privacy policy<\/p>\t\t\t\t\t\t\t\t<\/div>\n\t\t\t\t<\/div>\n\t\t\t\t<div class=\"elementor-element elementor-element-efe7df7 elementor-widget elementor-widget-text-editor\" data-id=\"efe7df7\" data-element_type=\"widget\" data-widget_type=\"text-editor.default\">\n\t\t\t\t<div class=\"elementor-widget-container\">\n\t\t\t\t\t\t\t\t\t<h2>COOKIE POLICY<\/h2><p>The cookies of the sparkz.com.co.uk website do not store sensitive information such as your name or address. To restrict, block or delete cookies from this website, you will need to use your web browser. As each browser is different, you can find out how to change your cookie preferences in your browser's \u201eHelp\u201d menu.<\/p><p><strong>Google Analytics<\/strong> - These cookies enable the function of Google Analytics. This software helps to gain and analyse information about the type of browser used, the number of visitors to the website, the effectiveness of marketing campaigns and the timing of individual visits. This information is used to improve the sparkz.com.co.uk website.<\/p><p><strong>Facebook\u00a0<\/strong>- These cookies enable the Facebook function for the following purposes: to enable activity on the social profile, to run the profiles effectively by presenting their users with information about the Administrator's initiatives and activities and in connection with the promotion of various events, product services and for the use of marketing campaigns. This information is used to improve the sparkz.com.co.uk website and to tailor Facebook ads.<\/p><p>The entity placing cookies on the end device of the user of this website and accessing them is the operator SPARKZ SP. Z O.O. Cookies may also be placed on the end user's device and used by partners cooperating with the operator - Google and Facebook.<\/p><p>These files do not store any information of a confidential nature.<\/p><p>\u00a0<\/p><h2>PROTECTION OF PERSONAL DATA<\/h2><h3>LOGI<\/h3><p>Using the website involves sending requests to the server on which the website is hosted. Each request made to the server is recorded in logs, which include, among other things, the IP address, date and time of the server, information about the Internet browser and the operating system you are using. The data stored in the server logs are not associated with a specific person and are only ancillary material for administration, and their content is not disclosed to anyone except those authorised to administer the server at zenbox.pl.<\/p><h3>CONTACT FORM<\/h3><p>The data you provide when sending a message via the contact form will not be used for marketing purposes. This data is stored in your email inbox at zenbox.co.uk for the purposes of mail management and sending an email response, to your message. Third parties will not have access to them.<\/p><h3>VOLUNTARY PROVISION OF DATA<\/h3><p>The provision of personal data for marketing and commercial purposes is voluntary. At any time you have the possibility to access your personal data, to correct it and to request its deletion. To do so, please contact the data controller.<\/p><p>The administrator of the personal data is SPARKZ SP. Z O.O., ul. Sk\u0142adowa 99, 08-110 Siedlce, NIP: 821-267-62-03, REGON: 520985967.<\/p><p>The Administrator hereby informs the User that he entrusts the processing of personal data to the following entities:<\/p><p>zenbox sp. z o.o., 7 D\u0105browskiego St., 42-200 Cz\u0119stochowa, NIP: 949-219-10-21, REGON: 242888558 - to store personal data on the server.<\/p>\t\t\t\t\t\t\t\t<\/div>\n\t\t\t\t<\/div>\n\t\t\t\t<\/div>\n\t\t\t\t<\/div>","protected":false},"excerpt":{"rendered":"<p>Polityka prywatno\u015bci POLITYKA COOKIES Pliki cookie strony sparkz.com.pl nie przechowuj\u0105 poufnych informacji, takich jak imi\u0119 i nazwisko czy adres. W celu ograniczenia, zablokowania lub usuni\u0119cia plik\u00f3w cookie z tej strony internetowej, nale\u017cy u\u017cy\u0107 przegl\u0105darki internetowej. Poniewa\u017c ka\u017cda z przegl\u0105darek jest inna, w menu \u201ePomoc\u201d przegl\u0105darki mo\u017cna zapozna\u0107 si\u0119 ze sposobami zmiany preferencji dotycz\u0105cych plik\u00f3w cookie. [&hellip;]<\/p>","protected":false},"author":3,"featured_media":0,"parent":0,"menu_order":0,"comment_status":"closed","ping_status":"closed","template":"","meta":{"_acf_changed":false,"footnotes":""},"class_list":["post-5938","page","type-page","status-publish","hentry"],"acf":[],"_links":{"self":[{"href":"https:\/\/sparkz.com.pl\/en\/wp-json\/wp\/v2\/pages\/5938","targetHints":{"allow":["GET"]}}],"collection":[{"href":"https:\/\/sparkz.com.pl\/en\/wp-json\/wp\/v2\/pages"}],"about":[{"href":"https:\/\/sparkz.com.pl\/en\/wp-json\/wp\/v2\/types\/page"}],"author":[{"embeddable":true,"href":"https:\/\/sparkz.com.pl\/en\/wp-json\/wp\/v2\/users\/3"}],"replies":[{"embeddable":true,"href":"https:\/\/sparkz.com.pl\/en\/wp-json\/wp\/v2\/comments?post=5938"}],"version-history":[{"count":7,"href":"https:\/\/sparkz.com.pl\/en\/wp-json\/wp\/v2\/pages\/5938\/revisions"}],"predecessor-version":[{"id":5947,"href":"https:\/\/sparkz.com.pl\/en\/wp-json\/wp\/v2\/pages\/5938\/revisions\/5947"}],"wp:attachment":[{"href":"https:\/\/sparkz.com.pl\/en\/wp-json\/wp\/v2\/media?parent=5938"}],"curies":[{"name":"wp","href":"https:\/\/api.w.org\/{rel}","templated":true}]}}