{"id":1366,"date":"2025-07-08T08:56:02","date_gmt":"2025-07-08T06:56:02","guid":{"rendered":"https:\/\/sparkz.com.pl\/?page_id=1366"},"modified":"2026-04-07T12:48:51","modified_gmt":"2026-04-07T10:48:51","slug":"nyheter","status":"publish","type":"page","link":"https:\/\/sparkz.com.pl\/sv\/nyheter\/","title":{"rendered":"Nyheter"},"content":{"rendered":"<div data-elementor-type=\"wp-page\" data-elementor-id=\"1366\" class=\"elementor elementor-1366\" data-elementor-post-type=\"page\">\n\t\t\t\t<div class=\"elementor-element elementor-element-5b2dd0d e-flex e-con-boxed e-con e-parent\" data-id=\"5b2dd0d\" data-element_type=\"container\" data-settings=\"{&quot;background_background&quot;:&quot;classic&quot;}\">\n\t\t\t\t\t<div class=\"e-con-inner\">\n\t\t\t\t\t<\/div>\n\t\t\t\t<\/div>\n\t\t<div class=\"elementor-element elementor-element-3676d47 e-con-full e-flex e-con e-parent\" data-id=\"3676d47\" data-element_type=\"container\">\n\t\t\t\t<div class=\"elementor-element elementor-element-a2675be elementor-widget elementor-widget-text-editor\" data-id=\"a2675be\" data-element_type=\"widget\" data-widget_type=\"text-editor.default\">\n\t\t\t\t<div class=\"elementor-widget-container\">\n\t\t\t\t\t\t\t\t\t<p>Nyheter<\/p>\t\t\t\t\t\t\t\t<\/div>\n\t\t\t\t<\/div>\n\t\t\t\t<\/div>\n\t\t<div class=\"elementor-element elementor-element-ae02cf5 e-con-full e-flex e-con e-parent\" data-id=\"ae02cf5\" data-element_type=\"container\">\n\t\t\t\t<div class=\"elementor-element elementor-element-4214f25 elementor-widget elementor-widget-shortcode\" data-id=\"4214f25\" data-element_type=\"widget\" id=\"post-search-container\" data-widget_type=\"shortcode.default\">\n\t\t\t\t<div class=\"elementor-widget-container\">\n\t\t\t\t\t\t\t<div class=\"elementor-shortcode\">\n    <form id=\"sparkz-post-filter\" action=\"\">\n        <input type=\"text\" name=\"search\" placeholder=\"S\u00f6ka...\">\n        <select name=\"sort\" class=\"custom-select-chevron\">\n            <option value=\"desc\">Fr\u00e5n de senaste<\/option>\n            <option value=\"asc\">Fr\u00e5n de \u00e4ldsta<\/option>\n        <\/select>\n    <input type=\"hidden\" name=\"trp-form-language\" value=\"sv\"\/><\/form>\n\n    <div id=\"sparkz-post-results\"><\/div>\n    <div id=\"sparkz-post-pagination\"><\/div>\n\n    <script>\n    document.addEventListener('DOMContentLoaded', function () {\n        const form = document.getElementById('sparkz-post-filter');\n\t\tconst results = document.getElementById('sparkz-post-results');\n\t\tconst pagination = document.getElementById('sparkz-post-pagination');\n\n\t\tfunction fetchPosts(page = 1) {\n\t\t\tconst data = new FormData(form);\n\t\t\tdata.append('page', page);\n\n\t\t\tfetch('https:\/\/sparkz.com.pl\/wp-admin\/admin-ajax.php?action=sparkz_filter_posts', {\n\t\t\t\tmethod: 'POST',\n\t\t\t\tbody: data\n\t\t\t})\n\t\t\t.then(res => res.json())\n\t\t\t.then(response => {\n\t\t\t\tresults.innerHTML = response.html;\n\t\t\t\tpagination.innerHTML = response.pagination;\n\n\t\t\t\t\/\/ Obs\u0142uga klikni\u0119\u0107 w paginacj\u0119\n\t\t\t\tdocument.querySelectorAll('#sparkz-post-pagination button').forEach(btn => {\n\t\t\t\t\tbtn.addEventListener('click', () => {\n\t\t\t\t\t\tfetchPosts(btn.dataset.page);\n\t\t\t\t\t});\n\t\t\t\t});\n\t\t\t});\n\t\t}\n\n\t\tform.addEventListener('input', () => fetchPosts(1)); \/\/ resetuj do strony 1 przy zmianie\n\t\tfetchPosts(); \/\/ initial load\n    });\n    <\/script>\n\n    <\/div>\n\t\t\t\t\t\t<\/div>\n\t\t\t\t<\/div>\n\t\t\t\t<\/div>\n\t\t<div class=\"elementor-element elementor-element-19daa0a e-flex e-con-boxed e-con e-parent\" data-id=\"19daa0a\" data-element_type=\"container\">\n\t\t\t\t\t<div class=\"e-con-inner\">\n\t\t<div class=\"elementor-element elementor-element-501ed1e e-con-full e-flex e-con e-child\" data-id=\"501ed1e\" data-element_type=\"container\">\n\t\t<div class=\"elementor-element elementor-element-76b8bc0 e-con-full oddzial-box oddzial-opole active e-flex e-con e-child\" data-id=\"76b8bc0\" data-element_type=\"container\" data-settings=\"{&quot;background_background&quot;:&quot;classic&quot;}\">\n\t\t<div class=\"elementor-element elementor-element-8fa4cf5 e-con-full e-flex e-con e-child\" data-id=\"8fa4cf5\" data-element_type=\"container\">\n\t\t\t\t<div class=\"elementor-element elementor-element-3057199 opole-1 elementor-widget elementor-widget-text-editor\" data-id=\"3057199\" data-element_type=\"widget\" data-widget_type=\"text-editor.default\">\n\t\t\t\t<div class=\"elementor-widget-container\">\n\t\t\t\t\t\t\t\t\t<p>Siedlce filial<\/p>\t\t\t\t\t\t\t\t<\/div>\n\t\t\t\t<\/div>\n\t\t\t\t<div class=\"elementor-element elementor-element-da9840c opole-1 elementor-widget elementor-widget-text-editor\" data-id=\"da9840c\" data-element_type=\"widget\" data-widget_type=\"text-editor.default\">\n\t\t\t\t<div class=\"elementor-widget-container\">\n\t\t\t\t\t\t\t\t\t<p>MATEUSZ \u0141ADOSZ - F\u00d6RS\u00c4LJNINGSREPRESENTANT<\/p>\t\t\t\t\t\t\t\t<\/div>\n\t\t\t\t<\/div>\n\t\t\t\t<div class=\"elementor-element elementor-element-07de79d custom-underline elementor-widget elementor-widget-text-editor\" data-id=\"07de79d\" data-element_type=\"widget\" data-widget_type=\"text-editor.default\">\n\t\t\t\t<div class=\"elementor-widget-container\">\n\t\t\t\t\t\t\t\t\t<p><span style=\"text-decoration: underline;\"><a href=\"tel:+48536384996\">+48 536 384 996<\/a><\/span><\/p>\t\t\t\t\t\t\t\t<\/div>\n\t\t\t\t<\/div>\n\t\t\t\t<div class=\"elementor-element elementor-element-cabc682 custom-underline opole-1 elementor-widget elementor-widget-text-editor\" data-id=\"cabc682\" data-element_type=\"widget\" data-widget_type=\"text-editor.default\">\n\t\t\t\t<div class=\"elementor-widget-container\">\n\t\t\t\t\t\t\t\t\t<p><span style=\"text-decoration: underline;\"><a href=\"mailto:m.ladosz@sparkz.com.pl\"><span style=\"font-weight: 200;\">m.ladosz@sparkz.com.pl<\/span><\/a><\/span><\/p>\t\t\t\t\t\t\t\t<\/div>\n\t\t\t\t<\/div>\n\t\t\t\t<\/div>\n\t\t<div class=\"elementor-element elementor-element-1bb58da e-con-full e-flex e-con e-child\" data-id=\"1bb58da\" data-element_type=\"container\">\n\t\t\t\t<div class=\"elementor-element elementor-element-26fe39e elementor-widget elementor-widget-image\" data-id=\"26fe39e\" data-element_type=\"widget\" data-widget_type=\"image.default\">\n\t\t\t\t<div class=\"elementor-widget-container\">\n\t\t\t\t\t\t\t\t\t\t\t\t\t\t\t<img fetchpriority=\"high\" decoding=\"async\" width=\"272\" height=\"272\" src=\"https:\/\/sparkz.com.pl\/wp-content\/uploads\/2025\/09\/image-10-1.png\" class=\"attachment-large size-large wp-image-6072\" alt=\"\" srcset=\"https:\/\/sparkz.com.pl\/wp-content\/uploads\/2025\/09\/image-10-1.png 272w, https:\/\/sparkz.com.pl\/wp-content\/uploads\/2025\/09\/image-10-1-100x100.png 100w, https:\/\/sparkz.com.pl\/wp-content\/uploads\/2025\/09\/image-10-1-150x150.png 150w\" sizes=\"(max-width: 272px) 100vw, 272px\" \/>\t\t\t\t\t\t\t\t\t\t\t\t\t\t\t<\/div>\n\t\t\t\t<\/div>\n\t\t\t\t<\/div>\n\t\t\t\t<\/div>\n\t\t<div class=\"elementor-element elementor-element-0bd5986 e-con-full oddzial-box oddzial-siedlce inactive e-flex e-con e-child\" data-id=\"0bd5986\" data-element_type=\"container\" data-settings=\"{&quot;background_background&quot;:&quot;classic&quot;}\">\n\t\t<div class=\"elementor-element elementor-element-a8fe070 e-con-full e-flex e-con e-child\" data-id=\"a8fe070\" data-element_type=\"container\">\n\t\t\t\t<div class=\"elementor-element elementor-element-d86bfaf siedlce-1 elementor-widget elementor-widget-text-editor\" data-id=\"d86bfaf\" data-element_type=\"widget\" data-widget_type=\"text-editor.default\">\n\t\t\t\t<div class=\"elementor-widget-container\">\n\t\t\t\t\t\t\t\t\t<p>Siedlce filial<\/p>\t\t\t\t\t\t\t\t<\/div>\n\t\t\t\t<\/div>\n\t\t\t\t<div class=\"elementor-element elementor-element-3dbe1e9 siedlce-1 elementor-widget elementor-widget-text-editor\" data-id=\"3dbe1e9\" data-element_type=\"widget\" data-widget_type=\"text-editor.default\">\n\t\t\t\t<div class=\"elementor-widget-container\">\n\t\t\t\t\t\t\t\t\t<p>MATEUSZ \u0141ADOSZ - F\u00d6RS\u00c4LJNINGSREPRESENTANT<\/p>\t\t\t\t\t\t\t\t<\/div>\n\t\t\t\t<\/div>\n\t\t\t\t<div class=\"elementor-element elementor-element-fc8f583 custom-underline siedlce-2 elementor-widget elementor-widget-text-editor\" data-id=\"fc8f583\" data-element_type=\"widget\" data-widget_type=\"text-editor.default\">\n\t\t\t\t<div class=\"elementor-widget-container\">\n\t\t\t\t\t\t\t\t\t<p><span style=\"text-decoration: underline;\"><a href=\"tel:+48536384996\">+48 536 384 996<\/a><\/span><\/p>\t\t\t\t\t\t\t\t<\/div>\n\t\t\t\t<\/div>\n\t\t\t\t<div class=\"elementor-element elementor-element-7fcd5b7 custom-underline siedlce-1 elementor-widget elementor-widget-text-editor\" data-id=\"7fcd5b7\" data-element_type=\"widget\" data-widget_type=\"text-editor.default\">\n\t\t\t\t<div class=\"elementor-widget-container\">\n\t\t\t\t\t\t\t\t\t<p><span style=\"text-decoration: underline;\"><a href=\"mailto:m.ladosz@sparkz.com.pl\"><span style=\"font-weight: 200;\">m.ladosz@sparkz.com.pl<\/span><\/a><\/span><\/p>\t\t\t\t\t\t\t\t<\/div>\n\t\t\t\t<\/div>\n\t\t\t\t<\/div>\n\t\t<div class=\"elementor-element elementor-element-9b0d263 e-con-full e-flex e-con e-child\" data-id=\"9b0d263\" data-element_type=\"container\">\n\t\t\t\t<div class=\"elementor-element elementor-element-af92b09 elementor-widget elementor-widget-image\" data-id=\"af92b09\" data-element_type=\"widget\" data-widget_type=\"image.default\">\n\t\t\t\t<div class=\"elementor-widget-container\">\n\t\t\t\t\t\t\t\t\t\t\t\t\t\t\t<img fetchpriority=\"high\" decoding=\"async\" width=\"272\" height=\"272\" src=\"https:\/\/sparkz.com.pl\/wp-content\/uploads\/2025\/09\/image-10-1.png\" class=\"attachment-large size-large wp-image-6072\" alt=\"\" srcset=\"https:\/\/sparkz.com.pl\/wp-content\/uploads\/2025\/09\/image-10-1.png 272w, https:\/\/sparkz.com.pl\/wp-content\/uploads\/2025\/09\/image-10-1-100x100.png 100w, https:\/\/sparkz.com.pl\/wp-content\/uploads\/2025\/09\/image-10-1-150x150.png 150w\" sizes=\"(max-width: 272px) 100vw, 272px\" \/>\t\t\t\t\t\t\t\t\t\t\t\t\t\t\t<\/div>\n\t\t\t\t<\/div>\n\t\t\t\t<\/div>\n\t\t\t\t<\/div>\n\t\t\t\t<\/div>\n\t\t<div class=\"elementor-element elementor-element-0c6b7c5 e-con-full mapa-wynikowa elementor-hidden-mobile elementor-hidden-tablet e-flex e-con e-child\" data-id=\"0c6b7c5\" data-element_type=\"container\">\n\t\t\t\t<div class=\"elementor-element elementor-element-4de74a7 elementor-widget elementor-widget-html\" data-id=\"4de74a7\" data-element_type=\"widget\" id=\"mapa\" data-widget_type=\"html.default\">\n\t\t\t\t<div class=\"elementor-widget-container\">\n\t\t\t\t\t<div class=\"two-halves\" style=\"display:flex;\">\n<div><img decoding=\"async\" src=\"\/wp-content\/uploads\/2025\/08\/mapa-lewo-11.svg\" class=\"mapa-lewo\"><\/div>\n<div><img decoding=\"async\" src=\"\/wp-content\/uploads\/2025\/08\/mapa-prawo-11.svg\" class=\"mapa-prawo\"><\/div>\n<\/div>\t\t\t\t<\/div>\n\t\t\t\t<\/div>\n\t\t\t\t<\/div>\n\t\t<div class=\"elementor-element elementor-element-1a932c6 e-con-full mapa-wynikowa elementor-hidden-desktop e-flex e-con e-child\" data-id=\"1a932c6\" data-element_type=\"container\">\n\t\t\t\t<div class=\"elementor-element elementor-element-8ed0c65 elementor-widget elementor-widget-html\" data-id=\"8ed0c65\" data-element_type=\"widget\" id=\"mapaMobile\" data-widget_type=\"html.default\">\n\t\t\t\t<div class=\"elementor-widget-container\">\n\t\t\t\t\t<div><img decoding=\"async\" src=\"\/wp-content\/uploads\/2025\/07\/mapa-830-lewo.svg\"><\/div>\t\t\t\t<\/div>\n\t\t\t\t<\/div>\n\t\t\t\t<\/div>\n\t\t\t\t\t<\/div>\n\t\t\t\t<\/div>\n\t\t\t\t<\/div>","protected":false},"excerpt":{"rendered":"<p>Aktualno\u015bci Oddzia\u0142 Siedlce MATEUSZ \u0141ADOSZ &#8211; PRZEDSTAWICIEL HANDLOWY +48 536 384 996 m.ladosz@sparkz.com.pl Oddzia\u0142 Siedlce MATEUSZ \u0141ADOSZ &#8211; PRZEDSTAWICIEL HANDLOWY +48 536 384 996 m.ladosz@sparkz.com.pl<\/p>","protected":false},"author":3,"featured_media":0,"parent":0,"menu_order":0,"comment_status":"closed","ping_status":"closed","template":"","meta":{"_acf_changed":false,"footnotes":""},"class_list":["post-1366","page","type-page","status-publish","hentry"],"acf":[],"_links":{"self":[{"href":"https:\/\/sparkz.com.pl\/sv\/wp-json\/wp\/v2\/pages\/1366","targetHints":{"allow":["GET"]}}],"collection":[{"href":"https:\/\/sparkz.com.pl\/sv\/wp-json\/wp\/v2\/pages"}],"about":[{"href":"https:\/\/sparkz.com.pl\/sv\/wp-json\/wp\/v2\/types\/page"}],"author":[{"embeddable":true,"href":"https:\/\/sparkz.com.pl\/sv\/wp-json\/wp\/v2\/users\/3"}],"replies":[{"embeddable":true,"href":"https:\/\/sparkz.com.pl\/sv\/wp-json\/wp\/v2\/comments?post=1366"}],"version-history":[{"count":164,"href":"https:\/\/sparkz.com.pl\/sv\/wp-json\/wp\/v2\/pages\/1366\/revisions"}],"predecessor-version":[{"id":7221,"href":"https:\/\/sparkz.com.pl\/sv\/wp-json\/wp\/v2\/pages\/1366\/revisions\/7221"}],"wp:attachment":[{"href":"https:\/\/sparkz.com.pl\/sv\/wp-json\/wp\/v2\/media?parent=1366"}],"curies":[{"name":"wp","href":"https:\/\/api.w.org\/{rel}","templated":true}]}}