{"id":5938,"date":"2025-09-03T15:30:03","date_gmt":"2025-09-03T13:30:03","guid":{"rendered":"https:\/\/sparkz.com.pl\/?page_id=5938"},"modified":"2025-09-03T15:34:30","modified_gmt":"2025-09-03T13:34:30","slug":"integritetspolicy","status":"publish","type":"page","link":"https:\/\/sparkz.com.pl\/sv\/integritetspolicy\/","title":{"rendered":"Integritetspolicy"},"content":{"rendered":"<div data-elementor-type=\"wp-page\" data-elementor-id=\"5938\" class=\"elementor elementor-5938\" data-elementor-post-type=\"page\">\n\t\t\t\t<div class=\"elementor-element elementor-element-51c5e39 e-con-full polityka-prywatnosci-cont e-flex e-con e-parent\" data-id=\"51c5e39\" data-element_type=\"container\">\n\t\t\t\t<div class=\"elementor-element elementor-element-ffb0576 elementor-widget elementor-widget-text-editor\" data-id=\"ffb0576\" data-element_type=\"widget\" data-widget_type=\"text-editor.default\">\n\t\t\t\t<div class=\"elementor-widget-container\">\n\t\t\t\t\t\t\t\t\t<p>Integritetspolicy<\/p>\t\t\t\t\t\t\t\t<\/div>\n\t\t\t\t<\/div>\n\t\t\t\t<div class=\"elementor-element elementor-element-efe7df7 elementor-widget elementor-widget-text-editor\" data-id=\"efe7df7\" data-element_type=\"widget\" data-widget_type=\"text-editor.default\">\n\t\t\t\t<div class=\"elementor-widget-container\">\n\t\t\t\t\t\t\t\t\t<h2>POLICY F\u00d6R COOKIE<\/h2><p>Cookies p\u00e5 webbplatsen sparkz.com.co.uk lagrar inte k\u00e4nslig information som ditt namn eller din adress. F\u00f6r att begr\u00e4nsa, blockera eller radera cookies fr\u00e5n denna webbplats m\u00e5ste du anv\u00e4nda din webbl\u00e4sare. Eftersom varje webbl\u00e4sare \u00e4r olika kan du ta reda p\u00e5 hur du \u00e4ndrar dina cookie-inst\u00e4llningar i webbl\u00e4sarens \u201eHj\u00e4lp\u201d-meny.<\/p><p><strong>Google Analytics<\/strong> - Dessa cookies g\u00f6r det m\u00f6jligt att anv\u00e4nda Google Analytics. Denna programvara hj\u00e4lper till att f\u00e5 och analysera information om vilken typ av webbl\u00e4sare som anv\u00e4nds, antalet bes\u00f6kare p\u00e5 webbplatsen, effektiviteten i marknadsf\u00f6ringskampanjer och tidpunkten f\u00f6r enskilda bes\u00f6k. Denna information anv\u00e4nds f\u00f6r att f\u00f6rb\u00e4ttra webbplatsen sparkz.com.co.uk.<\/p><p><strong>Facebook\u00a0<\/strong>- Dessa cookies m\u00f6jligg\u00f6r Facebook-funktionen f\u00f6r f\u00f6ljande \u00e4ndam\u00e5l: att m\u00f6jligg\u00f6ra aktivitet p\u00e5 den sociala profilen, att driva profilerna effektivt genom att presentera sina anv\u00e4ndare med information om administrat\u00f6rens initiativ och aktiviteter och i samband med marknadsf\u00f6ring av olika evenemang, produkttj\u00e4nster och f\u00f6r anv\u00e4ndning av marknadsf\u00f6ringskampanjer. Denna information anv\u00e4nds f\u00f6r att f\u00f6rb\u00e4ttra webbplatsen sparkz.com.co.uk och f\u00f6r att skr\u00e4ddarsy Facebook-annonser.<\/p><p>Den enhet som placerar cookies p\u00e5 slutenheten hos anv\u00e4ndaren av denna webbplats och f\u00e5r tillg\u00e5ng till dem \u00e4r operat\u00f6ren SPARKZ SP. Z O.O. Cookies kan ocks\u00e5 placeras p\u00e5 slutanv\u00e4ndarens enhet och anv\u00e4ndas av partners som samarbetar med operat\u00f6ren - Google och Facebook.<\/p><p>I dessa filer lagras ingen information av konfidentiell natur.<\/p><p>\u00a0<\/p><h2>SKYDD AV PERSONUPPGIFTER<\/h2><h3>LOGI<\/h3><p>Anv\u00e4ndningen av webbplatsen inneb\u00e4r att f\u00f6rfr\u00e5gningar skickas till den server d\u00e4r webbplatsen \u00e4r placerad. Varje f\u00f6rfr\u00e5gan som g\u00f6rs till servern registreras i loggar, som bland annat inneh\u00e5ller IP-adress, datum och tid f\u00f6r servern, information om webbl\u00e4saren och operativsystemet du anv\u00e4nder. De uppgifter som lagras i serverloggarna kan inte kopplas till en viss person utan utg\u00f6r endast hj\u00e4lpmaterial f\u00f6r administrationen, och inneh\u00e5llet i dessa uppgifter l\u00e4mnas inte ut till n\u00e5gon annan \u00e4n de som har beh\u00f6righet att administrera servern p\u00e5 zenbox.pl.<\/p><h3>KONTAKTFORMUL\u00c4R<\/h3><p>De uppgifter som du l\u00e4mnar n\u00e4r du skickar ett meddelande via kontaktformul\u00e4ret kommer inte att anv\u00e4ndas f\u00f6r marknadsf\u00f6rings\u00e4ndam\u00e5l. Dessa uppgifter lagras i din e-postinkorg p\u00e5 zenbox.co.uk i syfte att hantera e-post och skicka ett e-postsvar p\u00e5 ditt meddelande. Tredje part kommer inte att ha tillg\u00e5ng till dem.<\/p><h3>FRIVILLIGT TILLHANDAH\u00c5LLANDE AV UPPGIFTER<\/h3><p>Det \u00e4r frivilligt att l\u00e4mna personuppgifter f\u00f6r marknadsf\u00f6rings- och kommersiella \u00e4ndam\u00e5l. Du har n\u00e4r som helst m\u00f6jlighet att f\u00e5 tillg\u00e5ng till dina personuppgifter, att korrigera dem och att beg\u00e4ra att de raderas. F\u00f6r att g\u00f6ra detta, v\u00e4nligen kontakta den personuppgiftsansvarige.<\/p><p>Administrat\u00f6r av personuppgifterna \u00e4r SPARKZ SP. Z O.O., ul. Sk\u0142adowa 99, 08-110 Siedlce, NIP: 821-267-62-03, REGON: 520985967.<\/p><p>Administrat\u00f6ren informerar h\u00e4rmed anv\u00e4ndaren om att han anf\u00f6rtror behandlingen av personuppgifter till f\u00f6ljande enheter:<\/p><p>zenbox sp. z o.o., 7 D\u0105browskiego St., 42-200 Cz\u0119stochowa, NIP: 949-219-10-21, REGON: 242888558 - f\u00f6r att lagra personuppgifter p\u00e5 servern.<\/p>\t\t\t\t\t\t\t\t<\/div>\n\t\t\t\t<\/div>\n\t\t\t\t<\/div>\n\t\t\t\t<\/div>","protected":false},"excerpt":{"rendered":"<p>Polityka prywatno\u015bci POLITYKA COOKIES Pliki cookie strony sparkz.com.pl nie przechowuj\u0105 poufnych informacji, takich jak imi\u0119 i nazwisko czy adres. W celu ograniczenia, zablokowania lub usuni\u0119cia plik\u00f3w cookie z tej strony internetowej, nale\u017cy u\u017cy\u0107 przegl\u0105darki internetowej. Poniewa\u017c ka\u017cda z przegl\u0105darek jest inna, w menu \u201ePomoc\u201d przegl\u0105darki mo\u017cna zapozna\u0107 si\u0119 ze sposobami zmiany preferencji dotycz\u0105cych plik\u00f3w cookie. [&hellip;]<\/p>","protected":false},"author":3,"featured_media":0,"parent":0,"menu_order":0,"comment_status":"closed","ping_status":"closed","template":"","meta":{"_acf_changed":false,"footnotes":""},"class_list":["post-5938","page","type-page","status-publish","hentry"],"acf":[],"_links":{"self":[{"href":"https:\/\/sparkz.com.pl\/sv\/wp-json\/wp\/v2\/pages\/5938","targetHints":{"allow":["GET"]}}],"collection":[{"href":"https:\/\/sparkz.com.pl\/sv\/wp-json\/wp\/v2\/pages"}],"about":[{"href":"https:\/\/sparkz.com.pl\/sv\/wp-json\/wp\/v2\/types\/page"}],"author":[{"embeddable":true,"href":"https:\/\/sparkz.com.pl\/sv\/wp-json\/wp\/v2\/users\/3"}],"replies":[{"embeddable":true,"href":"https:\/\/sparkz.com.pl\/sv\/wp-json\/wp\/v2\/comments?post=5938"}],"version-history":[{"count":7,"href":"https:\/\/sparkz.com.pl\/sv\/wp-json\/wp\/v2\/pages\/5938\/revisions"}],"predecessor-version":[{"id":5947,"href":"https:\/\/sparkz.com.pl\/sv\/wp-json\/wp\/v2\/pages\/5938\/revisions\/5947"}],"wp:attachment":[{"href":"https:\/\/sparkz.com.pl\/sv\/wp-json\/wp\/v2\/media?parent=5938"}],"curies":[{"name":"wp","href":"https:\/\/api.w.org\/{rel}","templated":true}]}}